{"id":4,"date":"2019-01-11T19:23:06","date_gmt":"2019-01-11T19:23:06","guid":{"rendered":"https:\/\/www.fimanz.ch\/?page_id=4"},"modified":"2021-01-16T17:14:53","modified_gmt":"2021-01-16T17:14:53","slug":"frontpage","status":"publish","type":"page","link":"https:\/\/www.fimanz.ch\/","title":{"rendered":"Frontpage"},"content":{"rendered":"\t\t<div data-elementor-type=\"wp-post\" data-elementor-id=\"4\" class=\"elementor elementor-4\">\n\t\t\t\t\t\t<section class=\"elementor-section elementor-top-section elementor-element elementor-element-0d077dd elementor-section-full_width elementor-section-height-min-height elementor-section-height-default elementor-section-items-middle\" data-id=\"0d077dd\" data-element_type=\"section\" data-settings=\"{&quot;background_background&quot;:&quot;classic&quot;}\">\n\t\t\t\t\t\t<div class=\"elementor-container elementor-column-gap-no\">\n\t\t\t\t\t<div class=\"elementor-column elementor-col-100 elementor-top-column elementor-element elementor-element-6832976\" data-id=\"6832976\" data-element_type=\"column\" data-settings=\"{&quot;background_background&quot;:&quot;classic&quot;}\">\n\t\t\t<div class=\"elementor-widget-wrap elementor-element-populated\">\n\t\t\t\t\t\t<div class=\"elementor-element elementor-element-bd1b603 elementor-widget elementor-widget-heading\" data-id=\"bd1b603\" data-element_type=\"widget\" data-widget_type=\"heading.default\">\n\t\t\t\t<div class=\"elementor-widget-container\">\n\t\t\t\t\t<h1 class=\"elementor-heading-title elementor-size-default\">Ihr Partner f\u00fcr Finanz- und Rechnungswesen<\/h1>\t\t\t\t<\/div>\n\t\t\t\t<\/div>\n\t\t\t\t\t<\/div>\n\t\t<\/div>\n\t\t\t\t\t<\/div>\n\t\t<\/section>\n\t\t\t\t<section class=\"elementor-section elementor-top-section elementor-element elementor-element-e38c06c elementor-section-boxed elementor-section-height-default elementor-section-height-default\" data-id=\"e38c06c\" data-element_type=\"section\">\n\t\t\t\t\t\t<div class=\"elementor-container elementor-column-gap-default\">\n\t\t\t\t\t<div class=\"elementor-column elementor-col-100 elementor-top-column elementor-element elementor-element-7636557\" data-id=\"7636557\" data-element_type=\"column\">\n\t\t\t<div class=\"elementor-widget-wrap elementor-element-populated\">\n\t\t\t\t\t\t<div class=\"elementor-element elementor-element-0fb7ec2 elementor-widget elementor-widget-menu-anchor\" data-id=\"0fb7ec2\" data-element_type=\"widget\" data-widget_type=\"menu-anchor.default\">\n\t\t\t\t<div class=\"elementor-widget-container\">\n\t\t\t\t\t\t\t<div class=\"elementor-menu-anchor\" id=\"Services\"><\/div>\n\t\t\t\t\t\t<\/div>\n\t\t\t\t<\/div>\n\t\t\t\t<div class=\"elementor-element elementor-element-ed80dcf elementor-widget elementor-widget-spacer\" data-id=\"ed80dcf\" data-element_type=\"widget\" data-widget_type=\"spacer.default\">\n\t\t\t\t<div class=\"elementor-widget-container\">\n\t\t\t\t\t\t\t<div class=\"elementor-spacer\">\n\t\t\t<div class=\"elementor-spacer-inner\"><\/div>\n\t\t<\/div>\n\t\t\t\t\t\t<\/div>\n\t\t\t\t<\/div>\n\t\t\t\t<div class=\"elementor-element elementor-element-4e35eff elementor-widget elementor-widget-heading\" data-id=\"4e35eff\" data-element_type=\"widget\" data-widget_type=\"heading.default\">\n\t\t\t\t<div class=\"elementor-widget-container\">\n\t\t\t\t\t<h3 class=\"elementor-heading-title elementor-size-default\">MEIN ANGEBOT AN DIENSTLEISTUNGEN<\/h3>\t\t\t\t<\/div>\n\t\t\t\t<\/div>\n\t\t\t\t<div class=\"elementor-element elementor-element-ff7e9db elementor-widget elementor-widget-spacer\" data-id=\"ff7e9db\" data-element_type=\"widget\" data-widget_type=\"spacer.default\">\n\t\t\t\t<div class=\"elementor-widget-container\">\n\t\t\t\t\t\t\t<div class=\"elementor-spacer\">\n\t\t\t<div class=\"elementor-spacer-inner\"><\/div>\n\t\t<\/div>\n\t\t\t\t\t\t<\/div>\n\t\t\t\t<\/div>\n\t\t\t\t\t<\/div>\n\t\t<\/div>\n\t\t\t\t\t<\/div>\n\t\t<\/section>\n\t\t\t\t<section class=\"elementor-section elementor-top-section elementor-element elementor-element-bb72fe8 elementor-section-boxed elementor-section-height-default elementor-section-height-default\" data-id=\"bb72fe8\" data-element_type=\"section\">\n\t\t\t\t\t\t<div class=\"elementor-container elementor-column-gap-default\">\n\t\t\t\t\t<div class=\"elementor-column elementor-col-100 elementor-top-column elementor-element elementor-element-3d6cb62\" data-id=\"3d6cb62\" data-element_type=\"column\">\n\t\t\t<div class=\"elementor-widget-wrap elementor-element-populated\">\n\t\t\t\t\t\t<div class=\"elementor-element elementor-element-3141b56 elementor-view-stacked elementor-position-inline-start elementor-shape-circle elementor-mobile-position-block-start elementor-widget elementor-widget-icon-box\" data-id=\"3141b56\" data-element_type=\"widget\" data-widget_type=\"icon-box.default\">\n\t\t\t\t<div class=\"elementor-widget-container\">\n\t\t\t\t\t\t\t<div class=\"elementor-icon-box-wrapper\">\n\n\t\t\t\t\t\t<div class=\"elementor-icon-box-icon\">\n\t\t\t\t<span  class=\"elementor-icon\">\n\t\t\t\t<i class=\"fa fa-pencil-square-o\" aria-hidden=\"true\"><\/i>\t\t\t\t<\/span>\n\t\t\t<\/div>\n\t\t\t\n\t\t\t\t\t\t<div class=\"elementor-icon-box-content\">\n\n\t\t\t\t\t\t\t\t\t<h3 class=\"elementor-icon-box-title\">\n\t\t\t\t\t\t<span  >\n\t\t\t\t\t\t\tBuchhaltung\t\t\t\t\t\t<\/span>\n\t\t\t\t\t<\/h3>\n\t\t\t\t\n\t\t\t\t\t\t\t\t\t<p class=\"elementor-icon-box-description\">\n\t\t\t\t\t\tF\u00fchrung von Buchhaltungen f\u00fcr alle Gesellschaftsformen (inkl. Nebenb\u00fccher wie Debitoren, Kreditoren, Lohn, Anlagebuchhaltung), Lohnbuchhaltungen, MWST-Abrechungen und -Beratung\t\t\t\t\t<\/p>\n\t\t\t\t\n\t\t\t<\/div>\n\t\t\t\n\t\t<\/div>\n\t\t\t\t\t\t<\/div>\n\t\t\t\t<\/div>\n\t\t\t\t<div class=\"elementor-element elementor-element-d263f5b elementor-view-stacked elementor-position-inline-start elementor-shape-circle elementor-mobile-position-block-start elementor-widget elementor-widget-icon-box\" data-id=\"d263f5b\" data-element_type=\"widget\" data-widget_type=\"icon-box.default\">\n\t\t\t\t<div class=\"elementor-widget-container\">\n\t\t\t\t\t\t\t<div class=\"elementor-icon-box-wrapper\">\n\n\t\t\t\t\t\t<div class=\"elementor-icon-box-icon\">\n\t\t\t\t<span  class=\"elementor-icon\">\n\t\t\t\t<i class=\"fa fa-calculator\" aria-hidden=\"true\"><\/i>\t\t\t\t<\/span>\n\t\t\t<\/div>\n\t\t\t\n\t\t\t\t\t\t<div class=\"elementor-icon-box-content\">\n\n\t\t\t\t\t\t\t\t\t<h3 class=\"elementor-icon-box-title\">\n\t\t\t\t\t\t<span  >\n\t\t\t\t\t\t\tJahresabschluss\t\t\t\t\t\t<\/span>\n\t\t\t\t\t<\/h3>\n\t\t\t\t\n\t\t\t\t\t\t\t\t\t<p class=\"elementor-icon-box-description\">\n\t\t\t\t\t\tErstellung von Jahresabschl\u00fcssen (inkl. Steuern), Abschlussgestaltung und -Beratung, Zwischenabschl\u00fcsse\t\t\t\t\t<\/p>\n\t\t\t\t\n\t\t\t<\/div>\n\t\t\t\n\t\t<\/div>\n\t\t\t\t\t\t<\/div>\n\t\t\t\t<\/div>\n\t\t\t\t<div class=\"elementor-element elementor-element-e4ab1c0 elementor-view-stacked elementor-position-inline-start elementor-shape-circle elementor-mobile-position-block-start elementor-widget elementor-widget-icon-box\" data-id=\"e4ab1c0\" data-element_type=\"widget\" data-widget_type=\"icon-box.default\">\n\t\t\t\t<div class=\"elementor-widget-container\">\n\t\t\t\t\t\t\t<div class=\"elementor-icon-box-wrapper\">\n\n\t\t\t\t\t\t<div class=\"elementor-icon-box-icon\">\n\t\t\t\t<span  class=\"elementor-icon\">\n\t\t\t\t<i class=\"fa fa-list-ul\" aria-hidden=\"true\"><\/i>\t\t\t\t<\/span>\n\t\t\t<\/div>\n\t\t\t\n\t\t\t\t\t\t<div class=\"elementor-icon-box-content\">\n\n\t\t\t\t\t\t\t\t\t<h3 class=\"elementor-icon-box-title\">\n\t\t\t\t\t\t<span  >\n\t\t\t\t\t\t\tWeitere Dienstleistungen\t\t\t\t\t\t<\/span>\n\t\t\t\t\t<\/h3>\n\t\t\t\t\n\t\t\t\t\t\t\t\t\t<p class=\"elementor-icon-box-description\">\n\t\t\t\t\t\tGeldflussrechnungen und Liquidit\u00e4tsplanungen, Budgetierung und Abweichungsanalysen, Eins\u00e4tze vor Ort zur \u00dcberbr\u00fcckung von Personalengp\u00e4ssen, buchhaltungsspezifische Einf\u00fchrung\/Schulung Ihrer Mitarbeiter, Aufbau und Organisation von Buchhaltungen\t\t\t\t\t<\/p>\n\t\t\t\t\n\t\t\t<\/div>\n\t\t\t\n\t\t<\/div>\n\t\t\t\t\t\t<\/div>\n\t\t\t\t<\/div>\n\t\t\t\t\t<\/div>\n\t\t<\/div>\n\t\t\t\t\t<\/div>\n\t\t<\/section>\n\t\t\t\t<section class=\"elementor-section elementor-top-section elementor-element elementor-element-25cacac elementor-section-boxed elementor-section-height-default elementor-section-height-default\" data-id=\"25cacac\" data-element_type=\"section\" data-settings=\"{&quot;background_background&quot;:&quot;classic&quot;}\">\n\t\t\t\t\t\t<div class=\"elementor-container elementor-column-gap-default\">\n\t\t\t\t\t<div class=\"elementor-column elementor-col-100 elementor-top-column elementor-element elementor-element-d32b78b\" data-id=\"d32b78b\" data-element_type=\"column\">\n\t\t\t<div class=\"elementor-widget-wrap elementor-element-populated\">\n\t\t\t\t\t\t<div class=\"elementor-element elementor-element-eb58e83 elementor-widget elementor-widget-spacer\" data-id=\"eb58e83\" data-element_type=\"widget\" data-widget_type=\"spacer.default\">\n\t\t\t\t<div class=\"elementor-widget-container\">\n\t\t\t\t\t\t\t<div class=\"elementor-spacer\">\n\t\t\t<div class=\"elementor-spacer-inner\"><\/div>\n\t\t<\/div>\n\t\t\t\t\t\t<\/div>\n\t\t\t\t<\/div>\n\t\t\t\t\t<\/div>\n\t\t<\/div>\n\t\t\t\t\t<\/div>\n\t\t<\/section>\n\t\t\t\t<section class=\"elementor-section elementor-top-section elementor-element elementor-element-985e56f elementor-section-boxed elementor-section-height-default elementor-section-height-default\" data-id=\"985e56f\" data-element_type=\"section\" data-settings=\"{&quot;background_background&quot;:&quot;classic&quot;}\">\n\t\t\t\t\t\t<div class=\"elementor-container elementor-column-gap-default\">\n\t\t\t\t\t<div class=\"elementor-column elementor-col-100 elementor-top-column elementor-element elementor-element-796658b\" data-id=\"796658b\" data-element_type=\"column\">\n\t\t\t<div class=\"elementor-widget-wrap elementor-element-populated\">\n\t\t\t\t\t\t<div class=\"elementor-element elementor-element-3a845d9 elementor-widget elementor-widget-menu-anchor\" data-id=\"3a845d9\" data-element_type=\"widget\" data-widget_type=\"menu-anchor.default\">\n\t\t\t\t<div class=\"elementor-widget-container\">\n\t\t\t\t\t\t\t<div class=\"elementor-menu-anchor\" id=\"About\"><\/div>\n\t\t\t\t\t\t<\/div>\n\t\t\t\t<\/div>\n\t\t\t\t<div class=\"elementor-element elementor-element-5bfad86 elementor-widget elementor-widget-spacer\" data-id=\"5bfad86\" data-element_type=\"widget\" data-widget_type=\"spacer.default\">\n\t\t\t\t<div class=\"elementor-widget-container\">\n\t\t\t\t\t\t\t<div class=\"elementor-spacer\">\n\t\t\t<div class=\"elementor-spacer-inner\"><\/div>\n\t\t<\/div>\n\t\t\t\t\t\t<\/div>\n\t\t\t\t<\/div>\n\t\t\t\t<div class=\"elementor-element elementor-element-a1423bc elementor-widget elementor-widget-heading\" data-id=\"a1423bc\" data-element_type=\"widget\" data-widget_type=\"heading.default\">\n\t\t\t\t<div class=\"elementor-widget-container\">\n\t\t\t\t\t<h3 class=\"elementor-heading-title elementor-size-default\">\u00dcBER MICH<\/h3>\t\t\t\t<\/div>\n\t\t\t\t<\/div>\n\t\t\t\t<div class=\"elementor-element elementor-element-be052e8 elementor-widget elementor-widget-spacer\" data-id=\"be052e8\" data-element_type=\"widget\" data-widget_type=\"spacer.default\">\n\t\t\t\t<div class=\"elementor-widget-container\">\n\t\t\t\t\t\t\t<div class=\"elementor-spacer\">\n\t\t\t<div class=\"elementor-spacer-inner\"><\/div>\n\t\t<\/div>\n\t\t\t\t\t\t<\/div>\n\t\t\t\t<\/div>\n\t\t\t\t<div class=\"elementor-element elementor-element-5cfdd71 elementor-position-left elementor-vertical-align-top elementor-widget elementor-widget-image-box\" data-id=\"5cfdd71\" data-element_type=\"widget\" data-widget_type=\"image-box.default\">\n\t\t\t\t<div class=\"elementor-widget-container\">\n\t\t\t\t\t<div class=\"elementor-image-box-wrapper\"><figure class=\"elementor-image-box-img\"><img fetchpriority=\"high\" decoding=\"async\" width=\"1709\" height=\"2560\" src=\"https:\/\/www.fimanz.ch\/wp-content\/uploads\/2021\/01\/DSC_6347_a_select-fotostudio.ch_-scaled.jpg\" class=\"attachment-full size-full wp-image-184\" alt=\"\" srcset=\"https:\/\/www.fimanz.ch\/wp-content\/uploads\/2021\/01\/DSC_6347_a_select-fotostudio.ch_-scaled.jpg 1709w, https:\/\/www.fimanz.ch\/wp-content\/uploads\/2021\/01\/DSC_6347_a_select-fotostudio.ch_-200x300.jpg 200w, https:\/\/www.fimanz.ch\/wp-content\/uploads\/2021\/01\/DSC_6347_a_select-fotostudio.ch_-684x1024.jpg 684w, https:\/\/www.fimanz.ch\/wp-content\/uploads\/2021\/01\/DSC_6347_a_select-fotostudio.ch_-768x1151.jpg 768w, https:\/\/www.fimanz.ch\/wp-content\/uploads\/2021\/01\/DSC_6347_a_select-fotostudio.ch_-1025x1536.jpg 1025w, https:\/\/www.fimanz.ch\/wp-content\/uploads\/2021\/01\/DSC_6347_a_select-fotostudio.ch_-1367x2048.jpg 1367w, https:\/\/www.fimanz.ch\/wp-content\/uploads\/2021\/01\/DSC_6347_a_select-fotostudio.ch_-830x1243.jpg 830w, https:\/\/www.fimanz.ch\/wp-content\/uploads\/2021\/01\/DSC_6347_a_select-fotostudio.ch_-230x345.jpg 230w, https:\/\/www.fimanz.ch\/wp-content\/uploads\/2021\/01\/DSC_6347_a_select-fotostudio.ch_-350x524.jpg 350w, https:\/\/www.fimanz.ch\/wp-content\/uploads\/2021\/01\/DSC_6347_a_select-fotostudio.ch_-480x719.jpg 480w\" sizes=\"(max-width: 1709px) 100vw, 1709px\" \/><\/figure><div class=\"elementor-image-box-content\"><h3 class=\"elementor-image-box-title\">Doris Manz Sieger<\/h3><p class=\"elementor-image-box-description\">Nach dem Abschluss einer Versicherungslehre habe ich rund 20 Jahre im Finanz- und Rechnungswesen von verschiedenen Finanzdienstleistern (Versicherung, R\u00fcckversicherung, Bank) sowie in der Treuhand-Branche gearbeitet. Dadurch erhielt ich einen fundierten und umfassenden Einblick in den Aufbau und die Organisation des Rechnungswesens und des Controllings. Ebenfalls in dieser Zeit habe ich den berufsbegleitenden Studiengang zum eidg. dipl. Experte in Rechnungslegung und Controlling (vormals eidg. dipl. Buchhalter\/Controller) erfolgreich abgeschlossen.\nDurch stetige Weiterbildung aktualisiere ich mein Fachwissen laufend und gew\u00e4hrleiste ein hohes Mass an Qualit\u00e4t.\n<\/p><\/div><\/div>\t\t\t\t<\/div>\n\t\t\t\t<\/div>\n\t\t\t\t<div class=\"elementor-element elementor-element-fba373b elementor-widget elementor-widget-spacer\" data-id=\"fba373b\" data-element_type=\"widget\" data-widget_type=\"spacer.default\">\n\t\t\t\t<div class=\"elementor-widget-container\">\n\t\t\t\t\t\t\t<div class=\"elementor-spacer\">\n\t\t\t<div class=\"elementor-spacer-inner\"><\/div>\n\t\t<\/div>\n\t\t\t\t\t\t<\/div>\n\t\t\t\t<\/div>\n\t\t\t\t\t<\/div>\n\t\t<\/div>\n\t\t\t\t\t<\/div>\n\t\t<\/section>\n\t\t\t\t<section class=\"elementor-section elementor-top-section elementor-element elementor-element-e13a0bd elementor-section-boxed elementor-section-height-default elementor-section-height-default\" data-id=\"e13a0bd\" data-element_type=\"section\" data-settings=\"{&quot;background_background&quot;:&quot;classic&quot;}\">\n\t\t\t\t\t\t<div class=\"elementor-container elementor-column-gap-default\">\n\t\t\t\t\t<div class=\"elementor-column elementor-col-100 elementor-top-column elementor-element elementor-element-3c470b5\" data-id=\"3c470b5\" data-element_type=\"column\">\n\t\t\t<div class=\"elementor-widget-wrap elementor-element-populated\">\n\t\t\t\t\t\t<div class=\"elementor-element elementor-element-3d5d1f2 elementor-widget elementor-widget-menu-anchor\" data-id=\"3d5d1f2\" data-element_type=\"widget\" data-widget_type=\"menu-anchor.default\">\n\t\t\t\t<div class=\"elementor-widget-container\">\n\t\t\t\t\t\t\t<div class=\"elementor-menu-anchor\" id=\"Links\"><\/div>\n\t\t\t\t\t\t<\/div>\n\t\t\t\t<\/div>\n\t\t\t\t<div class=\"elementor-element elementor-element-2c07c90 elementor-widget elementor-widget-spacer\" data-id=\"2c07c90\" data-element_type=\"widget\" data-widget_type=\"spacer.default\">\n\t\t\t\t<div class=\"elementor-widget-container\">\n\t\t\t\t\t\t\t<div class=\"elementor-spacer\">\n\t\t\t<div class=\"elementor-spacer-inner\"><\/div>\n\t\t<\/div>\n\t\t\t\t\t\t<\/div>\n\t\t\t\t<\/div>\n\t\t\t\t<div class=\"elementor-element elementor-element-36b7360 elementor-widget elementor-widget-heading\" data-id=\"36b7360\" data-element_type=\"widget\" data-widget_type=\"heading.default\">\n\t\t\t\t<div class=\"elementor-widget-container\">\n\t\t\t\t\t<h3 class=\"elementor-heading-title elementor-size-default\">MITGLIEDSCHAFTEN<\/h3>\t\t\t\t<\/div>\n\t\t\t\t<\/div>\n\t\t\t\t<div class=\"elementor-element elementor-element-1ef9670 elementor-widget elementor-widget-spacer\" data-id=\"1ef9670\" data-element_type=\"widget\" data-widget_type=\"spacer.default\">\n\t\t\t\t<div class=\"elementor-widget-container\">\n\t\t\t\t\t\t\t<div class=\"elementor-spacer\">\n\t\t\t<div class=\"elementor-spacer-inner\"><\/div>\n\t\t<\/div>\n\t\t\t\t\t\t<\/div>\n\t\t\t\t<\/div>\n\t\t\t\t<div class=\"elementor-element elementor-element-f4a1aa5 elementor-widget elementor-widget-text-editor\" data-id=\"f4a1aa5\" data-element_type=\"widget\" data-widget_type=\"text-editor.default\">\n\t\t\t\t<div class=\"elementor-widget-container\">\n\t\t\t\t\t\t\t\t\t<a style=\"color:#7A7A7A;\" href=\"https:\/\/veb.ch\" target=\"_blank\" rel=\"noopener\">VEB (gr\u00f6sster Schweizer Verband f\u00fcr Rechnungslegung, Controlling und Rechnungswesen)<\/a>\t\t\t\t\t\t\t\t<\/div>\n\t\t\t\t<\/div>\n\t\t\t\t<div class=\"elementor-element elementor-element-b32aabd elementor-widget elementor-widget-spacer\" data-id=\"b32aabd\" data-element_type=\"widget\" data-widget_type=\"spacer.default\">\n\t\t\t\t<div class=\"elementor-widget-container\">\n\t\t\t\t\t\t\t<div class=\"elementor-spacer\">\n\t\t\t<div class=\"elementor-spacer-inner\"><\/div>\n\t\t<\/div>\n\t\t\t\t\t\t<\/div>\n\t\t\t\t<\/div>\n\t\t\t\t\t<\/div>\n\t\t<\/div>\n\t\t\t\t\t<\/div>\n\t\t<\/section>\n\t\t\t\t<section class=\"elementor-section elementor-top-section elementor-element elementor-element-1c64278 elementor-section-boxed elementor-section-height-default elementor-section-height-default\" data-id=\"1c64278\" data-element_type=\"section\" data-settings=\"{&quot;background_background&quot;:&quot;classic&quot;}\">\n\t\t\t\t\t\t<div class=\"elementor-container elementor-column-gap-default\">\n\t\t\t\t\t<div class=\"elementor-column elementor-col-100 elementor-top-column elementor-element elementor-element-b447b29\" data-id=\"b447b29\" data-element_type=\"column\">\n\t\t\t<div class=\"elementor-widget-wrap elementor-element-populated\">\n\t\t\t\t\t\t<div class=\"elementor-element elementor-element-c281184 elementor-widget elementor-widget-menu-anchor\" data-id=\"c281184\" data-element_type=\"widget\" data-widget_type=\"menu-anchor.default\">\n\t\t\t\t<div class=\"elementor-widget-container\">\n\t\t\t\t\t\t\t<div class=\"elementor-menu-anchor\" id=\"Contact\"><\/div>\n\t\t\t\t\t\t<\/div>\n\t\t\t\t<\/div>\n\t\t\t\t<div class=\"elementor-element elementor-element-6a0d3c6 elementor-widget elementor-widget-spacer\" data-id=\"6a0d3c6\" data-element_type=\"widget\" data-widget_type=\"spacer.default\">\n\t\t\t\t<div class=\"elementor-widget-container\">\n\t\t\t\t\t\t\t<div class=\"elementor-spacer\">\n\t\t\t<div class=\"elementor-spacer-inner\"><\/div>\n\t\t<\/div>\n\t\t\t\t\t\t<\/div>\n\t\t\t\t<\/div>\n\t\t\t\t<div class=\"elementor-element elementor-element-07b5fd7 elementor-widget elementor-widget-heading\" data-id=\"07b5fd7\" data-element_type=\"widget\" data-widget_type=\"heading.default\">\n\t\t\t\t<div class=\"elementor-widget-container\">\n\t\t\t\t\t<h3 class=\"elementor-heading-title elementor-size-default\">KONTAKT<\/h3>\t\t\t\t<\/div>\n\t\t\t\t<\/div>\n\t\t\t\t<div class=\"elementor-element elementor-element-5d702f1 elementor-widget elementor-widget-spacer\" data-id=\"5d702f1\" data-element_type=\"widget\" data-widget_type=\"spacer.default\">\n\t\t\t\t<div class=\"elementor-widget-container\">\n\t\t\t\t\t\t\t<div class=\"elementor-spacer\">\n\t\t\t<div class=\"elementor-spacer-inner\"><\/div>\n\t\t<\/div>\n\t\t\t\t\t\t<\/div>\n\t\t\t\t<\/div>\n\t\t\t\t<div class=\"elementor-element elementor-element-7c3915a elementor-widget elementor-widget-content_form_contact\" data-id=\"7c3915a\" data-element_type=\"widget\" data-widget_type=\"content_form_contact.default\">\n\t\t\t\t<div class=\"elementor-widget-container\">\n\t\t\t\t\t<form action=\"https:\/\/www.fimanz.ch\/wp-admin\/admin-post.php\" method=\"post\" name=\"content-form-7c3915a\" id=\"content-form-7c3915a\" class=\"ti-cf-module content-form content-form-contact content_form_contact\"><input type=\"hidden\" id=\"_wpnonce_contact\" name=\"_wpnonce_contact\" value=\"216d49610e\" \/><input type=\"hidden\" name=\"_wp_http_referer\" value=\"\/\" \/><input type=\"hidden\" name=\"action\" value=\"content_form_submit\" \/><input type=\"hidden\" name=\"form-type\" value=\"contact\" \/><input type=\"hidden\" name=\"form-builder\" value=\"elementor\" \/><input type=\"hidden\" name=\"post-id\" value=\"4\" \/><input type=\"hidden\" name=\"form-id\" value=\"7c3915a\" \/><fieldset class=&quot;content-form-field-text elementor-column elementor-col-100&quot;><label for=\"data[7c3915a][vorname]\" >Vorname<span class=\"required-mark\"> *<\/span><\/label><input type=\"text\" name=\"data[7c3915a][vorname]\" id=\"data[7c3915a][vorname]\" required=required  placeholder=\"Vorname\"><\/fieldset><fieldset class=&quot;content-form-field-text elementor-column elementor-col-100&quot;><label for=\"data[7c3915a][name]\" >Nachname<span class=\"required-mark\"> *<\/span><\/label><input type=\"text\" name=\"data[7c3915a][name]\" id=\"data[7c3915a][name]\" required=required  placeholder=\"Nachname\"><\/fieldset><fieldset class=&quot;content-form-field-email elementor-column elementor-col-100&quot;><label for=\"data[7c3915a][email]\" >Ihre E-Mail<span class=\"required-mark\"> *<\/span><\/label><input type=\"text\" name=\"data[7c3915a][email]\" id=\"data[7c3915a][email]\" required=required  placeholder=\"E-Mail Adresse\"><\/fieldset><fieldset class=&quot;content-form-field-number elementor-column elementor-col-100&quot;><label for=\"data[7c3915a][phone]\" >Telefonnummer<\/label><input type=\"text\" name=\"data[7c3915a][phone]\" id=\"data[7c3915a][phone]\"   placeholder=\"Telefonnummer\"><\/fieldset><fieldset class=&quot;content-form-field-textarea elementor-column elementor-col-100&quot;><label for=\"data[7c3915a][message]\" >Womit darf ich Ihnen weiterhelfen?<span class=\"required-mark\"> *<\/span><\/label><textarea name=\"data[7c3915a][message]\" id=\"data[7c3915a][message]\"  required=required placeholder=\"Mitteilung\" cols=\"30\" rows=\"5\"><\/textarea><\/fieldset><fieldset class=\"submit-form contact\"><button type=\"submit\" name=\"submit\"  value=\"submit-contact-7c3915a\" class=\"\">Senden<\/button><\/fieldset><\/form>\t\t\t\t<\/div>\n\t\t\t\t<\/div>\n\t\t\t\t\t<\/div>\n\t\t<\/div>\n\t\t\t\t\t<\/div>\n\t\t<\/section>\n\t\t\t\t<\/div>\n\t\t","protected":false},"excerpt":{"rendered":"<p>Ihr Partner f\u00fcr Finanz- und Rechnungswesen MEIN ANGEBOT AN DIENSTLEISTUNGEN Buchhaltung F\u00fchrung von Buchhaltungen f\u00fcr alle Gesellschaftsformen (inkl. Nebenb\u00fccher wie Debitoren, Kreditoren, [&hellip;]<\/p>\n","protected":false},"author":2,"featured_media":0,"parent":0,"menu_order":0,"comment_status":"closed","ping_status":"closed","template":"page-templates\/page_front-page.php","meta":{"footnotes":""},"class_list":["post-4","page","type-page","status-publish","hentry"],"aioseo_notices":[],"_links":{"self":[{"href":"https:\/\/www.fimanz.ch\/index.php?rest_route=\/wp\/v2\/pages\/4","targetHints":{"allow":["GET"]}}],"collection":[{"href":"https:\/\/www.fimanz.ch\/index.php?rest_route=\/wp\/v2\/pages"}],"about":[{"href":"https:\/\/www.fimanz.ch\/index.php?rest_route=\/wp\/v2\/types\/page"}],"author":[{"embeddable":true,"href":"https:\/\/www.fimanz.ch\/index.php?rest_route=\/wp\/v2\/users\/2"}],"replies":[{"embeddable":true,"href":"https:\/\/www.fimanz.ch\/index.php?rest_route=%2Fwp%2Fv2%2Fcomments&post=4"}],"version-history":[{"count":122,"href":"https:\/\/www.fimanz.ch\/index.php?rest_route=\/wp\/v2\/pages\/4\/revisions"}],"predecessor-version":[{"id":187,"href":"https:\/\/www.fimanz.ch\/index.php?rest_route=\/wp\/v2\/pages\/4\/revisions\/187"}],"wp:attachment":[{"href":"https:\/\/www.fimanz.ch\/index.php?rest_route=%2Fwp%2Fv2%2Fmedia&parent=4"}],"curies":[{"name":"wp","href":"https:\/\/api.w.org\/{rel}","templated":true}]}}